{"id":28,"date":"2020-03-09T19:47:57","date_gmt":"2020-03-09T19:47:57","guid":{"rendered":"https:\/\/hintzonline.de\/wordpress\/?page_id=28"},"modified":"2025-09-27T10:05:11","modified_gmt":"2025-09-27T08:05:11","slug":"agb","status":"publish","type":"page","link":"https:\/\/gastronomie-im-odenwald.de\/?page_id=28","title":{"rendered":"<center>AGB<\/center>"},"content":{"rendered":"<section class=\"av_textblock_section \"  itemscope=\"itemscope\" itemtype=\"https:\/\/schema.org\/CreativeWork\" ><div class='avia_textblock  '   itemprop=\"text\" ><\/p>\n<h3 style=\"text-align: center;\">Allgemeine Gesch\u00e4ftsbedingungen<\/h3>\n<hr \/>\n<p class=\"has-text-align-center\">Mit der Zustimmung zum Eintrag eines Gastronomiebetriebes\u00a0 im Portal \u201cGastronomie im Odenwald\u201d werden automatisch diese <strong>Allgemeinen Gesch\u00e4ftsbedingungen<\/strong> anerkannt.<\/p>\n<p class=\"has-text-align-center\"><strong>Leistungsumfang<\/strong><\/p>\n<p class=\"has-text-align-center\">Die Firma Hintzonline stellt unter der Internetadresse \u201cwww.gastronomie-im-odenwald.de\u201d ein Portal f\u00fcr Gastst\u00e4tten und Restaurants zur Verf\u00fcgung.<br \/>Die Besitzer oder Betreiber k\u00f6nnen ihren Gastronomiebetrieb in diesem Portal eintragen lassen, wobei von Hintzonline als Betreiber nicht gepr\u00fcft wird, ob das Anbieten rechtm\u00e4ssig erfolgt.<br \/>Bei einer festgestellten Unrechtm\u00e4ssigkeit beh\u00e4lt sich Hintzonline vor den Eintrag zu l\u00f6schen.<br \/>Der suchende Gast einer Einkehrm\u00f6glichkeit kann durch das Internet-Portal, \u00fcber die eigene Homepage, E-Mail, oder Telefon\/Fax direkt Kontakt zum Besitzer oder Betreiber aufnehmen.<\/p>\n<p class=\"has-text-align-center\"><strong>Vertragsgegenstand<\/strong><\/p>\n<p class=\"has-text-align-center\">Gegenstand dieses Vertrages ist die Inanspruchnahme von Werbeleistungen auf der Internetseite \u201cwww.gastronomie-im-odenwald.de\u201d, damit sich die G\u00e4ste \u00fcber das Angebot der Besitzer oder Betreiber informieren und ggf. direkt bei diesen zus\u00e4tzliche Informationen erhalten k\u00f6nnen.<br \/>Das Portal ist also lediglich eine weitere Informationsbr\u00fccke zwischen Gast und Besitzer oder Betreiber eines Gastronomiebetriebes.<br \/>Eine vertragliche Beziehung zwischen Gast und Hintzonline besteht in keinem Falle, so dass auch keine Schadensersatzanspr\u00fcche gegen Hintzonline geltend gemacht werden k\u00f6nnen.<\/p>\n<p class=\"has-text-align-center\"><strong>Vertragsdauer<\/strong><\/p>\n<p class=\"has-text-align-center\">Der Vertrag gilt ab Einstellungsdatum f\u00fcr 12 Monate. Er verl\u00e4ngert sich automatisch um weitere 12 Monate, wenn er nicht sp\u00e4testens einen Monat vor Vertragende <strong>schriftlich<\/strong> gek\u00fcndigt wird.<\/p>\n<p class=\"has-text-align-center\"><strong>Ver\u00f6ffentlichung der Anzeigen<\/strong><\/p>\n<p class=\"has-text-align-center\">Hintzonline beh\u00e4lt sich vor, eingestellte Texte abzu\u00e4ndern oder zu k\u00fcrzen bzw. vorgegebenen Inhalt anzupassen.<\/p>\n<p class=\"has-text-align-center\"><strong>Datenschutzklausel<\/strong><\/p>\n<p class=\"has-text-align-center\">Der Besitzer oder Betreiber des Gastronomieobjektes gibt die Erlaubnis, dass alle Daten welche zur Verf\u00fcgung gestellt werden, von Hintzonline gespeichert werden d\u00fcrfen. Alle Daten werden nur nach Genehmigung des Besitzers oder Betreibers des Gastronomieobjektes an Dritte weitergegeben.<\/p>\n<p class=\"has-text-align-center\"><strong>Haftung<\/strong><\/p>\n<p class=\"has-text-align-center\">Hintzonline haftet nicht f\u00fcr technische Probleme bzw. kurzfristige Nichterreichbarkeit des Servers. Weiterhin haftet Hintzonline nicht f\u00fcr Fehler in Daten, die vom Besitzer oder Betreiber des Gastronomieobjektes direkt bereitgestellt werden.<\/p>\n<p class=\"has-text-align-center\">Die AGB k\u00f6nnen Sie <a href=\"http:\/\/gastronomie-im-odenwald.de\/wp-content\/uploads\/2025\/09\/AGBGastronomie.pdf\" target=\"_blank\" rel=\"noreferrer noopener\" data-type=\"link\" data-id=\"http:\/\/gastronomie-im-odenwald.de\/wp-content\/uploads\/2025\/09\/AGBGastronomie.pdf\">Hier<\/a> als PDF downloaden.<\/p>\n<p><\/p>\n<\/div><\/section>","protected":false},"excerpt":{"rendered":"","protected":false},"author":3,"featured_media":0,"parent":0,"menu_order":0,"comment_status":"closed","ping_status":"closed","template":"","meta":{"footnotes":""},"class_list":["post-28","page","type-page","status-publish","hentry"],"yoast_head":"<!-- This site is optimized with the Yoast SEO plugin v26.1.1 - https:\/\/yoast.com\/wordpress\/plugins\/seo\/ -->\n<title>AGB - Gastronomie im Odenwald<\/title>\n<meta name=\"robots\" content=\"index, follow, max-snippet:-1, max-image-preview:large, max-video-preview:-1\" \/>\n<link rel=\"canonical\" href=\"https:\/\/gastronomie-im-odenwald.de\/?page_id=28\" \/>\n<meta property=\"og:locale\" content=\"de_DE\" \/>\n<meta property=\"og:type\" content=\"article\" \/>\n<meta property=\"og:title\" content=\"AGB - Gastronomie im Odenwald\" \/>\n<meta property=\"og:url\" content=\"https:\/\/gastronomie-im-odenwald.de\/?page_id=28\" \/>\n<meta property=\"og:site_name\" content=\"Gastronomie im Odenwald\" \/>\n<meta property=\"article:modified_time\" content=\"2025-09-27T08:05:11+00:00\" \/>\n<meta name=\"twitter:card\" content=\"summary_large_image\" \/>\n<meta name=\"twitter:label1\" content=\"Gesch\u00e4tzte Lesezeit\" \/>\n\t<meta name=\"twitter:data1\" content=\"2\u00a0Minuten\" \/>\n<script type=\"application\/ld+json\" class=\"yoast-schema-graph\">{\"@context\":\"https:\/\/schema.org\",\"@graph\":[{\"@type\":\"WebPage\",\"@id\":\"https:\/\/gastronomie-im-odenwald.de\/?page_id=28\",\"url\":\"https:\/\/gastronomie-im-odenwald.de\/?page_id=28\",\"name\":\"AGB - Gastronomie im Odenwald\",\"isPartOf\":{\"@id\":\"https:\/\/gastronomie-im-odenwald.de\/#website\"},\"datePublished\":\"2020-03-09T19:47:57+00:00\",\"dateModified\":\"2025-09-27T08:05:11+00:00\",\"breadcrumb\":{\"@id\":\"https:\/\/gastronomie-im-odenwald.de\/?page_id=28#breadcrumb\"},\"inLanguage\":\"de\",\"potentialAction\":[{\"@type\":\"ReadAction\",\"target\":[\"https:\/\/gastronomie-im-odenwald.de\/?page_id=28\"]}]},{\"@type\":\"BreadcrumbList\",\"@id\":\"https:\/\/gastronomie-im-odenwald.de\/?page_id=28#breadcrumb\",\"itemListElement\":[{\"@type\":\"ListItem\",\"position\":1,\"name\":\"Home\",\"item\":\"https:\/\/gastronomie-im-odenwald.de\/\"},{\"@type\":\"ListItem\",\"position\":2,\"name\":\"AGB\"}]},{\"@type\":\"WebSite\",\"@id\":\"https:\/\/gastronomie-im-odenwald.de\/#website\",\"url\":\"https:\/\/gastronomie-im-odenwald.de\/\",\"name\":\"Gastronomie im Odenwald\",\"description\":\"\",\"publisher\":{\"@id\":\"https:\/\/gastronomie-im-odenwald.de\/#organization\"},\"potentialAction\":[{\"@type\":\"SearchAction\",\"target\":{\"@type\":\"EntryPoint\",\"urlTemplate\":\"https:\/\/gastronomie-im-odenwald.de\/?s={search_term_string}\"},\"query-input\":{\"@type\":\"PropertyValueSpecification\",\"valueRequired\":true,\"valueName\":\"search_term_string\"}}],\"inLanguage\":\"de\"},{\"@type\":\"Organization\",\"@id\":\"https:\/\/gastronomie-im-odenwald.de\/#organization\",\"name\":\"Gastronomie im Odenwald\",\"url\":\"https:\/\/gastronomie-im-odenwald.de\/\",\"logo\":{\"@type\":\"ImageObject\",\"inLanguage\":\"de\",\"@id\":\"https:\/\/gastronomie-im-odenwald.de\/#\/schema\/logo\/image\/\",\"url\":\"https:\/\/gastronomie-im-odenwald.de\/wp-content\/uploads\/2025\/09\/Logodesign.jpg\",\"contentUrl\":\"https:\/\/gastronomie-im-odenwald.de\/wp-content\/uploads\/2025\/09\/Logodesign.jpg\",\"width\":229,\"height\":86,\"caption\":\"Gastronomie im Odenwald\"},\"image\":{\"@id\":\"https:\/\/gastronomie-im-odenwald.de\/#\/schema\/logo\/image\/\"}}]}<\/script>\n<!-- \/ Yoast SEO plugin. -->","yoast_head_json":{"title":"AGB - Gastronomie im Odenwald","robots":{"index":"index","follow":"follow","max-snippet":"max-snippet:-1","max-image-preview":"max-image-preview:large","max-video-preview":"max-video-preview:-1"},"canonical":"https:\/\/gastronomie-im-odenwald.de\/?page_id=28","og_locale":"de_DE","og_type":"article","og_title":"AGB - Gastronomie im Odenwald","og_url":"https:\/\/gastronomie-im-odenwald.de\/?page_id=28","og_site_name":"Gastronomie im Odenwald","article_modified_time":"2025-09-27T08:05:11+00:00","twitter_card":"summary_large_image","twitter_misc":{"Gesch\u00e4tzte Lesezeit":"2\u00a0Minuten"},"schema":{"@context":"https:\/\/schema.org","@graph":[{"@type":"WebPage","@id":"https:\/\/gastronomie-im-odenwald.de\/?page_id=28","url":"https:\/\/gastronomie-im-odenwald.de\/?page_id=28","name":"AGB - Gastronomie im Odenwald","isPartOf":{"@id":"https:\/\/gastronomie-im-odenwald.de\/#website"},"datePublished":"2020-03-09T19:47:57+00:00","dateModified":"2025-09-27T08:05:11+00:00","breadcrumb":{"@id":"https:\/\/gastronomie-im-odenwald.de\/?page_id=28#breadcrumb"},"inLanguage":"de","potentialAction":[{"@type":"ReadAction","target":["https:\/\/gastronomie-im-odenwald.de\/?page_id=28"]}]},{"@type":"BreadcrumbList","@id":"https:\/\/gastronomie-im-odenwald.de\/?page_id=28#breadcrumb","itemListElement":[{"@type":"ListItem","position":1,"name":"Home","item":"https:\/\/gastronomie-im-odenwald.de\/"},{"@type":"ListItem","position":2,"name":"AGB"}]},{"@type":"WebSite","@id":"https:\/\/gastronomie-im-odenwald.de\/#website","url":"https:\/\/gastronomie-im-odenwald.de\/","name":"Gastronomie im Odenwald","description":"","publisher":{"@id":"https:\/\/gastronomie-im-odenwald.de\/#organization"},"potentialAction":[{"@type":"SearchAction","target":{"@type":"EntryPoint","urlTemplate":"https:\/\/gastronomie-im-odenwald.de\/?s={search_term_string}"},"query-input":{"@type":"PropertyValueSpecification","valueRequired":true,"valueName":"search_term_string"}}],"inLanguage":"de"},{"@type":"Organization","@id":"https:\/\/gastronomie-im-odenwald.de\/#organization","name":"Gastronomie im Odenwald","url":"https:\/\/gastronomie-im-odenwald.de\/","logo":{"@type":"ImageObject","inLanguage":"de","@id":"https:\/\/gastronomie-im-odenwald.de\/#\/schema\/logo\/image\/","url":"https:\/\/gastronomie-im-odenwald.de\/wp-content\/uploads\/2025\/09\/Logodesign.jpg","contentUrl":"https:\/\/gastronomie-im-odenwald.de\/wp-content\/uploads\/2025\/09\/Logodesign.jpg","width":229,"height":86,"caption":"Gastronomie im Odenwald"},"image":{"@id":"https:\/\/gastronomie-im-odenwald.de\/#\/schema\/logo\/image\/"}}]}},"_links":{"self":[{"href":"https:\/\/gastronomie-im-odenwald.de\/index.php?rest_route=\/wp\/v2\/pages\/28","targetHints":{"allow":["GET"]}}],"collection":[{"href":"https:\/\/gastronomie-im-odenwald.de\/index.php?rest_route=\/wp\/v2\/pages"}],"about":[{"href":"https:\/\/gastronomie-im-odenwald.de\/index.php?rest_route=\/wp\/v2\/types\/page"}],"author":[{"embeddable":true,"href":"https:\/\/gastronomie-im-odenwald.de\/index.php?rest_route=\/wp\/v2\/users\/3"}],"replies":[{"embeddable":true,"href":"https:\/\/gastronomie-im-odenwald.de\/index.php?rest_route=%2Fwp%2Fv2%2Fcomments&post=28"}],"version-history":[{"count":9,"href":"https:\/\/gastronomie-im-odenwald.de\/index.php?rest_route=\/wp\/v2\/pages\/28\/revisions"}],"predecessor-version":[{"id":925,"href":"https:\/\/gastronomie-im-odenwald.de\/index.php?rest_route=\/wp\/v2\/pages\/28\/revisions\/925"}],"wp:attachment":[{"href":"https:\/\/gastronomie-im-odenwald.de\/index.php?rest_route=%2Fwp%2Fv2%2Fmedia&parent=28"}],"curies":[{"name":"wp","href":"https:\/\/api.w.org\/{rel}","templated":true}]}}